{"id":225,"date":"2020-10-09T09:36:36","date_gmt":"2020-10-09T12:36:36","guid":{"rendered":"http:\/\/el.commonsupport.com\/newwp\/hotera\/?page_id=225"},"modified":"2024-09-09T20:11:22","modified_gmt":"2024-09-09T23:11:22","slug":"sobre-nosotros","status":"publish","type":"page","link":"https:\/\/bhmeliquina.com\/en\/sobre-nosotros\/","title":{"rendered":"Nosotros"},"content":{"rendered":"<div data-elementor-type=\"wp-page\" data-elementor-id=\"225\" class=\"elementor elementor-225\">\n\t\t\t\t\t\t<section class=\"elementor-section elementor-top-section elementor-element elementor-element-ab76bec elementor-section-full_width elementor-section-height-default elementor-section-height-default\" data-id=\"ab76bec\" data-element_type=\"section\">\n\t\t\t\t\t\t<div class=\"elementor-container elementor-column-gap-default\">\n\t\t\t\t\t<div class=\"elementor-column elementor-col-100 elementor-top-column elementor-element elementor-element-869346d\" data-id=\"869346d\" data-element_type=\"column\">\n\t\t\t<div class=\"elementor-widget-wrap elementor-element-populated\">\n\t\t\t\t\t\t<div class=\"elementor-element elementor-element-d4889a3 elementor-widget elementor-widget-hotera_about_us_v4\" data-id=\"d4889a3\" data-element_type=\"widget\" data-widget_type=\"hotera_about_us_v4.default\">\n\t\t\t\t<div class=\"elementor-widget-container\">\n\t\t\t\t\t        \n        <!--Featured Section-->\n        <section class=\"featured-section-four\">\n                        <span class=\"dotted-pattern dotted-pattern-11\"><\/span>\n            <div class=\"circles-two\">\n                <div class=\"c-1\"><\/div>\n                <div class=\"c-2\"><\/div>\n            <\/div>\n                        <div class=\"auto-container\">\n                <div class=\"row clearfix\">\n                    <!--Text Column-->\n                    <div class=\"text-column col-lg-6 col-md-12 col-sm-12\">\n                        <div class=\"inner\">\n                            <div class=\"sec-title\">\n                                <h2>Sobre BH Meliquina Colgantes al R\u00edo<\/h2>\n                            <\/div>\n                            <div class=\"text\">Este sue\u00f1o surgi\u00f3 de las ganas de compartir con nuestros hu\u00e9spedes la pr\u00e1ctica vivida en este valle de monta\u00f1a virgen.\nDespu\u00e9s de varios a\u00f1os de arduo trabajo, esto que tanto anhel\u00e1bamos concluy\u00f3 en poder brindar la experiencia de insertarse y convivir en la monta\u00f1a misma, dejando de lado el entorno cotidiano de las ciudades y aprendiendo a convivir con el medioambiente.\n\nNaturaleza en su m\u00e1xima expresi\u00f3n es el alma de BH-Meliquina, Colgantes al R\u00edo.\nSean Bienvenidos!\n<\/div>\n                                                        <div class=\"signature\"><img decoding=\"async\" src=\"https:\/\/bhmeliquina.com\/wp-content\/uploads\/2022\/11\/firma-e1667830923396.png\" alt=\"Awesome Image\"><\/div>                        <\/div>\n                    <\/div>\n                    <!--Image Column-->\n                    <div class=\"image-column col-lg-6 col-md-12 col-sm-12\">\n                        <div class=\"inner\">\n                            <span class=\"dotted-pattern dotted-pattern-10\"><\/span>\n                            <div class=\"image-box clearfix\">\n                                <figure class=\"image wow fadeInUp\" data-wow-delay=\"0ms\" data-wow-duration=\"1500ms\"><img decoding=\"async\" src=\"https:\/\/bhmeliquina.com\/wp-content\/uploads\/2020\/11\/DSC_0598-scaled.jpg\" alt=\"Awesome Image\"><\/figure>                                                                <figure class=\"image wow fadeInLeft\" data-wow-delay=\"300ms\" data-wow-duration=\"1500ms\"><img decoding=\"async\" src=\"https:\/\/bhmeliquina.com\/wp-content\/uploads\/2022\/11\/DSC_0527-scaled.jpg\" alt=\"Awesome Image\"><\/figure>                            <\/div>\n                        <\/div>\n                    <\/div>\n                <\/div>\n            <\/div>\n        <\/section>\n        \n\t\t\t\t\t\t<\/div>\n\t\t\t\t<\/div>\n\t\t\t\t\t<\/div>\n\t\t<\/div>\n\t\t\t\t\t<\/div>\n\t\t<\/section>\n\t\t\t\t<\/div>","protected":false},"excerpt":{"rendered":"<p>Sobre BH Meliquina Colgantes al R\u00edo Este sue\u00f1o surgi\u00f3 de las ganas de compartir con nuestros hu\u00e9spedes la pr\u00e1ctica vivida en este valle de monta\u00f1a virgen. Despu\u00e9s de varios a\u00f1os [&hellip;]<\/p>","protected":false},"author":1,"featured_media":0,"parent":0,"menu_order":0,"comment_status":"closed","ping_status":"closed","template":"tpl-default-elementor.php","meta":{"footnotes":""},"class_list":["post-225","page","type-page","status-publish","hentry"],"_links":{"self":[{"href":"https:\/\/bhmeliquina.com\/en\/wp-json\/wp\/v2\/pages\/225","targetHints":{"allow":["GET"]}}],"collection":[{"href":"https:\/\/bhmeliquina.com\/en\/wp-json\/wp\/v2\/pages"}],"about":[{"href":"https:\/\/bhmeliquina.com\/en\/wp-json\/wp\/v2\/types\/page"}],"author":[{"embeddable":true,"href":"https:\/\/bhmeliquina.com\/en\/wp-json\/wp\/v2\/users\/1"}],"replies":[{"embeddable":true,"href":"https:\/\/bhmeliquina.com\/en\/wp-json\/wp\/v2\/comments?post=225"}],"version-history":[{"count":48,"href":"https:\/\/bhmeliquina.com\/en\/wp-json\/wp\/v2\/pages\/225\/revisions"}],"predecessor-version":[{"id":2265,"href":"https:\/\/bhmeliquina.com\/en\/wp-json\/wp\/v2\/pages\/225\/revisions\/2265"}],"wp:attachment":[{"href":"https:\/\/bhmeliquina.com\/en\/wp-json\/wp\/v2\/media?parent=225"}],"curies":[{"name":"wp","href":"https:\/\/api.w.org\/{rel}","templated":true}]}}