{"id":298,"date":"2020-10-09T12:38:19","date_gmt":"2020-10-09T15:38:19","guid":{"rendered":"http:\/\/el.commonsupport.com\/newwp\/hotera\/?page_id=298"},"modified":"2024-09-09T20:14:29","modified_gmt":"2024-09-09T23:14:29","slug":"galeria","status":"publish","type":"page","link":"https:\/\/bhmeliquina.com\/en\/galeria\/","title":{"rendered":"Galer\u00eda"},"content":{"rendered":"<div data-elementor-type=\"wp-page\" data-elementor-id=\"298\" class=\"elementor elementor-298\">\n\t\t\t\t\t\t<section class=\"elementor-section elementor-top-section elementor-element elementor-element-daf1970 elementor-section-boxed elementor-section-height-default elementor-section-height-default\" data-id=\"daf1970\" data-element_type=\"section\">\n\t\t\t\t\t\t<div class=\"elementor-container elementor-column-gap-default\">\n\t\t\t\t\t<div class=\"elementor-column elementor-col-100 elementor-top-column elementor-element elementor-element-2dab7d6\" data-id=\"2dab7d6\" data-element_type=\"column\">\n\t\t\t<div class=\"elementor-widget-wrap elementor-element-populated\">\n\t\t\t\t\t\t<div class=\"elementor-element elementor-element-3c5e233 gallery-spacing-custom elementor-widget__width-auto elementor-widget elementor-widget-image-gallery\" data-id=\"3c5e233\" data-element_type=\"widget\" data-widget_type=\"image-gallery.default\">\n\t\t\t\t<div class=\"elementor-widget-container\">\n\t\t\t\t\t\t\t<div class=\"elementor-image-gallery\">\n\t\t\t<div id='gallery-1' class='gallery galleryid-298 gallery-columns-3 gallery-size-hotera_1170x470'><figure class='gallery-item'>\n\t\t\t<div class='gallery-icon landscape'>\n\t\t\t\t<a data-elementor-open-lightbox=\"yes\" data-elementor-lightbox-slideshow=\"3c5e233\" data-elementor-lightbox-title=\"BH Meliquina - Vista Para\u00edso\" data-e-action-hash=\"#elementor-action%3Aaction%3Dlightbox%26settings%3DeyJpZCI6MTU0NSwidXJsIjoiaHR0cHM6XC9cL2JobWVsaXF1aW5hLmNvbVwvd3AtY29udGVudFwvdXBsb2Fkc1wvMjAyMFwvMTFcLzEtQkgtTWVsaXF1aW5hLS5wbmciLCJzbGlkZXNob3ciOiIzYzVlMjMzIn0%3D\" href='https:\/\/bhmeliquina.com\/wp-content\/uploads\/2020\/11\/1-BH-Meliquina-.png'><img fetchpriority=\"high\" decoding=\"async\" width=\"1170\" height=\"470\" src=\"https:\/\/bhmeliquina.com\/wp-content\/uploads\/2020\/11\/1-BH-Meliquina--1170x470.png\" class=\"attachment-hotera_1170x470 size-hotera_1170x470\" alt=\"\" srcset=\"https:\/\/bhmeliquina.com\/wp-content\/uploads\/2020\/11\/1-BH-Meliquina--1170x470.png 1170w, https:\/\/bhmeliquina.com\/wp-content\/uploads\/2020\/11\/1-BH-Meliquina--18x8.png 18w\" sizes=\"(max-width: 1170px) 100vw, 1170px\" \/><\/a>\n\t\t\t<\/div><\/figure><figure class='gallery-item'>\n\t\t\t<div class='gallery-icon landscape'>\n\t\t\t\t<a data-elementor-open-lightbox=\"yes\" data-elementor-lightbox-slideshow=\"3c5e233\" data-elementor-lightbox-title=\"BH Meliquina Pulm\u00f3n natural\" data-e-action-hash=\"#elementor-action%3Aaction%3Dlightbox%26settings%3DeyJpZCI6MTUzMSwidXJsIjoiaHR0cHM6XC9cL2JobWVsaXF1aW5hLmNvbVwvd3AtY29udGVudFwvdXBsb2Fkc1wvMjAyMFwvMTFcLzItUHVsbW9uLW5hdHVyYWwtLnBuZyIsInNsaWRlc2hvdyI6IjNjNWUyMzMifQ%3D%3D\" href='https:\/\/bhmeliquina.com\/wp-content\/uploads\/2020\/11\/2-Pulmon-natural-.png'><img decoding=\"async\" width=\"1170\" height=\"470\" src=\"https:\/\/bhmeliquina.com\/wp-content\/uploads\/2020\/11\/2-Pulmon-natural--1170x470.png\" class=\"attachment-hotera_1170x470 size-hotera_1170x470\" alt=\"\" \/><\/a>\n\t\t\t<\/div><\/figure><figure class='gallery-item'>\n\t\t\t<div class='gallery-icon landscape'>\n\t\t\t\t<a data-elementor-open-lightbox=\"yes\" data-elementor-lightbox-slideshow=\"3c5e233\" data-elementor-lightbox-title=\"Vista BH Meliquina Oto\u00f1o\" data-e-action-hash=\"#elementor-action%3Aaction%3Dlightbox%26settings%3DeyJpZCI6MTU1MSwidXJsIjoiaHR0cHM6XC9cL2JobWVsaXF1aW5hLmNvbVwvd3AtY29udGVudFwvdXBsb2Fkc1wvMjAyMFwvMTFcLzMtVmlzdGEtQkgtTWVsaXF1aW5hLU90b25vLS1zY2FsZWQuanBlZyIsInNsaWRlc2hvdyI6IjNjNWUyMzMifQ%3D%3D\" href='https:\/\/bhmeliquina.com\/wp-content\/uploads\/2020\/11\/3-Vista-BH-Meliquina-Otono--scaled.jpeg'><img decoding=\"async\" width=\"1170\" height=\"470\" src=\"https:\/\/bhmeliquina.com\/wp-content\/uploads\/2020\/11\/3-Vista-BH-Meliquina-Otono--1170x470.jpeg\" class=\"attachment-hotera_1170x470 size-hotera_1170x470\" alt=\"\" \/><\/a>\n\t\t\t<\/div><\/figure><figure class='gallery-item'>\n\t\t\t<div class='gallery-icon landscape'>\n\t\t\t\t<a data-elementor-open-lightbox=\"yes\" data-elementor-lightbox-slideshow=\"3c5e233\" data-elementor-lightbox-title=\"R\u00edo Meliquina\" data-e-action-hash=\"#elementor-action%3Aaction%3Dlightbox%26settings%3DeyJpZCI6MTUzNywidXJsIjoiaHR0cHM6XC9cL2JobWVsaXF1aW5hLmNvbVwvd3AtY29udGVudFwvdXBsb2Fkc1wvMjAyMFwvMTFcLzQtUmlvLU1lbGlxdWluYS0ucG5nIiwic2xpZGVzaG93IjoiM2M1ZTIzMyJ9\" href='https:\/\/bhmeliquina.com\/wp-content\/uploads\/2020\/11\/4-Rio-Meliquina-.png'><img loading=\"lazy\" decoding=\"async\" width=\"1170\" height=\"470\" src=\"https:\/\/bhmeliquina.com\/wp-content\/uploads\/2020\/11\/4-Rio-Meliquina--1170x470.png\" class=\"attachment-hotera_1170x470 size-hotera_1170x470\" alt=\"\" \/><\/a>\n\t\t\t<\/div><\/figure><figure class='gallery-item'>\n\t\t\t<div class='gallery-icon landscape'>\n\t\t\t\t<a data-elementor-open-lightbox=\"yes\" data-elementor-lightbox-slideshow=\"3c5e233\" data-elementor-lightbox-title=\"A\u00e9rea Lago BH Meliquina\" data-e-action-hash=\"#elementor-action%3Aaction%3Dlightbox%26settings%3DeyJpZCI6MTUzOCwidXJsIjoiaHR0cHM6XC9cL2JobWVsaXF1aW5hLmNvbVwvd3AtY29udGVudFwvdXBsb2Fkc1wvMjAyMFwvMTFcLzUtTGFnby1NZWxpcXVpbmEtQWVyZWEtc29icmUtQkgtTWVsaXF1aW5hLS5wbmciLCJzbGlkZXNob3ciOiIzYzVlMjMzIn0%3D\" href='https:\/\/bhmeliquina.com\/wp-content\/uploads\/2020\/11\/5-Lago-Meliquina-Aerea-sobre-BH-Meliquina-.png'><img loading=\"lazy\" decoding=\"async\" width=\"1170\" height=\"470\" src=\"https:\/\/bhmeliquina.com\/wp-content\/uploads\/2020\/11\/5-Lago-Meliquina-Aerea-sobre-BH-Meliquina--1170x470.png\" class=\"attachment-hotera_1170x470 size-hotera_1170x470\" alt=\"\" aria-describedby=\"gallery-1-1538\" \/><\/a>\n\t\t\t<\/div>\n\t\t\t\t<figcaption class='wp-caption-text gallery-caption' id='gallery-1-1538'>\n\t\t\t\tVista a\u00e9rea R\u00edo Meliquina y Lago Meliquina\n\t\t\t\t<\/figcaption><\/figure><figure class='gallery-item'>\n\t\t\t<div class='gallery-icon landscape'>\n\t\t\t\t<a data-elementor-open-lightbox=\"yes\" data-elementor-lightbox-slideshow=\"3c5e233\" data-elementor-lightbox-title=\"Vista R\u00edo Meliquina al Norte\" data-e-action-hash=\"#elementor-action%3Aaction%3Dlightbox%26settings%3DeyJpZCI6MTU1MCwidXJsIjoiaHR0cHM6XC9cL2JobWVsaXF1aW5hLmNvbVwvd3AtY29udGVudFwvdXBsb2Fkc1wvMjAyMFwvMTFcLzYtVmlzdGEtUmlvLU1lbGlxdWluYS1hbC1Ob3J0ZS0tc2NhbGVkLmpwZyIsInNsaWRlc2hvdyI6IjNjNWUyMzMifQ%3D%3D\" href='https:\/\/bhmeliquina.com\/wp-content\/uploads\/2020\/11\/6-Vista-Rio-Meliquina-al-Norte--scaled.jpg'><img loading=\"lazy\" decoding=\"async\" width=\"1170\" height=\"470\" src=\"https:\/\/bhmeliquina.com\/wp-content\/uploads\/2020\/11\/6-Vista-Rio-Meliquina-al-Norte--1170x470.jpg\" class=\"attachment-hotera_1170x470 size-hotera_1170x470\" alt=\"\" aria-describedby=\"gallery-1-1550\" \/><\/a>\n\t\t\t<\/div>\n\t\t\t\t<figcaption class='wp-caption-text gallery-caption' id='gallery-1-1550'>\n\t\t\t\tVista al R\u00edo desde BH-Meliquina, Colgantes al R\u00edo\n\t\t\t\t<\/figcaption><\/figure><figure class='gallery-item'>\n\t\t\t<div class='gallery-icon landscape'>\n\t\t\t\t<a data-elementor-open-lightbox=\"yes\" data-elementor-lightbox-slideshow=\"3c5e233\" data-elementor-lightbox-title=\"BH Villa Lago Meliquina\" data-e-action-hash=\"#elementor-action%3Aaction%3Dlightbox%26settings%3DeyJpZCI6MTUzNCwidXJsIjoiaHR0cHM6XC9cL2JobWVsaXF1aW5hLmNvbVwvd3AtY29udGVudFwvdXBsb2Fkc1wvMjAyMFwvMTFcLzctVmFsbGUtTWVsaXF1aW5hLS1zY2FsZWQuanBnIiwic2xpZGVzaG93IjoiM2M1ZTIzMyJ9\" href='https:\/\/bhmeliquina.com\/wp-content\/uploads\/2020\/11\/7-Valle-Meliquina--scaled.jpg'><img loading=\"lazy\" decoding=\"async\" width=\"1170\" height=\"470\" src=\"https:\/\/bhmeliquina.com\/wp-content\/uploads\/2020\/11\/7-Valle-Meliquina--1170x470.jpg\" class=\"attachment-hotera_1170x470 size-hotera_1170x470\" alt=\"\" \/><\/a>\n\t\t\t<\/div><\/figure><figure class='gallery-item'>\n\t\t\t<div class='gallery-icon landscape'>\n\t\t\t\t<a data-elementor-open-lightbox=\"yes\" data-elementor-lightbox-slideshow=\"3c5e233\" data-elementor-lightbox-title=\"Orilla del R\u00edo BH Meliquina\" data-e-action-hash=\"#elementor-action%3Aaction%3Dlightbox%26settings%3DeyJpZCI6MTUzNiwidXJsIjoiaHR0cHM6XC9cL2JobWVsaXF1aW5hLmNvbVwvd3AtY29udGVudFwvdXBsb2Fkc1wvMjAyMFwvMTFcLzgtT3JpbGxhLWRlbC1SaW8tTWVsaXF1aW5hLS5qcGciLCJzbGlkZXNob3ciOiIzYzVlMjMzIn0%3D\" href='https:\/\/bhmeliquina.com\/wp-content\/uploads\/2020\/11\/8-Orilla-del-Rio-Meliquina-.jpg'><img loading=\"lazy\" decoding=\"async\" width=\"1066\" height=\"470\" src=\"https:\/\/bhmeliquina.com\/wp-content\/uploads\/2020\/11\/8-Orilla-del-Rio-Meliquina--1066x470.jpg\" class=\"attachment-hotera_1170x470 size-hotera_1170x470\" alt=\"\" \/><\/a>\n\t\t\t<\/div><\/figure><figure class='gallery-item'>\n\t\t\t<div class='gallery-icon landscape'>\n\t\t\t\t<a data-elementor-open-lightbox=\"yes\" data-elementor-lightbox-slideshow=\"3c5e233\" data-elementor-lightbox-title=\"A\u00e9rea BH Meliquina\" data-e-action-hash=\"#elementor-action%3Aaction%3Dlightbox%26settings%3DeyJpZCI6MTUzOSwidXJsIjoiaHR0cHM6XC9cL2JobWVsaXF1aW5hLmNvbVwvd3AtY29udGVudFwvdXBsb2Fkc1wvMjAyMFwvMTFcLzktQWVyZWEtQkgtTWVsaXF1aW5hLS1zY2FsZWQuanBlZyIsInNsaWRlc2hvdyI6IjNjNWUyMzMifQ%3D%3D\" href='https:\/\/bhmeliquina.com\/wp-content\/uploads\/2020\/11\/9-Aerea-BH-Meliquina--scaled.jpeg'><img loading=\"lazy\" decoding=\"async\" width=\"1170\" height=\"470\" src=\"https:\/\/bhmeliquina.com\/wp-content\/uploads\/2020\/11\/9-Aerea-BH-Meliquina--1170x470.jpeg\" class=\"attachment-hotera_1170x470 size-hotera_1170x470\" alt=\"\" \/><\/a>\n\t\t\t<\/div><\/figure><figure class='gallery-item'>\n\t\t\t<div class='gallery-icon landscape'>\n\t\t\t\t<a data-elementor-open-lightbox=\"yes\" data-elementor-lightbox-slideshow=\"3c5e233\" data-elementor-lightbox-title=\"BH Meliquina en Otono\" data-e-action-hash=\"#elementor-action%3Aaction%3Dlightbox%26settings%3DeyJpZCI6MTUzMywidXJsIjoiaHR0cHM6XC9cL2JobWVsaXF1aW5hLmNvbVwvd3AtY29udGVudFwvdXBsb2Fkc1wvMjAyMFwvMTFcLzEwLUJILU1lbGlxdWluYS1lbi1PdG9uby0tc2NhbGVkLmpwZyIsInNsaWRlc2hvdyI6IjNjNWUyMzMifQ%3D%3D\" href='https:\/\/bhmeliquina.com\/wp-content\/uploads\/2020\/11\/10-BH-Meliquina-en-Otono--scaled.jpg'><img loading=\"lazy\" decoding=\"async\" width=\"1170\" height=\"470\" src=\"https:\/\/bhmeliquina.com\/wp-content\/uploads\/2020\/11\/10-BH-Meliquina-en-Otono--1170x470.jpg\" class=\"attachment-hotera_1170x470 size-hotera_1170x470\" alt=\"\" \/><\/a>\n\t\t\t<\/div><\/figure><figure class='gallery-item'>\n\t\t\t<div class='gallery-icon landscape'>\n\t\t\t\t<a data-elementor-open-lightbox=\"yes\" data-elementor-lightbox-slideshow=\"3c5e233\" data-elementor-lightbox-title=\"BH Meliquina Invierno\" data-e-action-hash=\"#elementor-action%3Aaction%3Dlightbox%26settings%3DeyJpZCI6MTU0MCwidXJsIjoiaHR0cHM6XC9cL2JobWVsaXF1aW5hLmNvbVwvd3AtY29udGVudFwvdXBsb2Fkc1wvMjAyMFwvMTFcLzExLUJILU1lbGlxdWluYS1lbi1JbnZpZXJuby0tc2NhbGVkLmpwZyIsInNsaWRlc2hvdyI6IjNjNWUyMzMifQ%3D%3D\" href='https:\/\/bhmeliquina.com\/wp-content\/uploads\/2020\/11\/11-BH-Meliquina-en-Invierno--scaled.jpg'><img loading=\"lazy\" decoding=\"async\" width=\"1170\" height=\"470\" src=\"https:\/\/bhmeliquina.com\/wp-content\/uploads\/2020\/11\/11-BH-Meliquina-en-Invierno--1170x470.jpg\" class=\"attachment-hotera_1170x470 size-hotera_1170x470\" alt=\"\" \/><\/a>\n\t\t\t<\/div><\/figure><figure class='gallery-item'>\n\t\t\t<div class='gallery-icon landscape'>\n\t\t\t\t<a data-elementor-open-lightbox=\"yes\" data-elementor-lightbox-slideshow=\"3c5e233\" data-elementor-lightbox-title=\"Valle Meliquina Nevado\" data-e-action-hash=\"#elementor-action%3Aaction%3Dlightbox%26settings%3DeyJpZCI6MTUzNSwidXJsIjoiaHR0cHM6XC9cL2JobWVsaXF1aW5hLmNvbVwvd3AtY29udGVudFwvdXBsb2Fkc1wvMjAyMFwvMTFcLzEyLVZhbGxlLU1lbGlxdWluYS1OZXZhZG8tc2NhbGVkLmpwZyIsInNsaWRlc2hvdyI6IjNjNWUyMzMifQ%3D%3D\" href='https:\/\/bhmeliquina.com\/wp-content\/uploads\/2020\/11\/12-Valle-Meliquina-Nevado-scaled.jpg'><img loading=\"lazy\" decoding=\"async\" width=\"1170\" height=\"470\" src=\"https:\/\/bhmeliquina.com\/wp-content\/uploads\/2020\/11\/12-Valle-Meliquina-Nevado-1170x470.jpg\" class=\"attachment-hotera_1170x470 size-hotera_1170x470\" alt=\"\" \/><\/a>\n\t\t\t<\/div><\/figure><figure class='gallery-item'>\n\t\t\t<div class='gallery-icon landscape'>\n\t\t\t\t<a data-elementor-open-lightbox=\"yes\" data-elementor-lightbox-slideshow=\"3c5e233\" data-elementor-lightbox-title=\"Ventana Villa Lago Meliquina\" data-e-action-hash=\"#elementor-action%3Aaction%3Dlightbox%26settings%3DeyJpZCI6MTUzMCwidXJsIjoiaHR0cHM6XC9cL2JobWVsaXF1aW5hLmNvbVwvd3AtY29udGVudFwvdXBsb2Fkc1wvMjAyMFwvMTFcLzEzLVZlbnRhbmEtVmlsbGEtTGFnby1NZWxpcXVpbmEtLXNjYWxlZC5qcGciLCJzbGlkZXNob3ciOiIzYzVlMjMzIn0%3D\" href='https:\/\/bhmeliquina.com\/wp-content\/uploads\/2020\/11\/13-Ventana-Villa-Lago-Meliquina--scaled.jpg'><img loading=\"lazy\" decoding=\"async\" width=\"1170\" height=\"470\" src=\"https:\/\/bhmeliquina.com\/wp-content\/uploads\/2020\/11\/13-Ventana-Villa-Lago-Meliquina--1170x470.jpg\" class=\"attachment-hotera_1170x470 size-hotera_1170x470\" alt=\"\" \/><\/a>\n\t\t\t<\/div><\/figure><figure class='gallery-item'>\n\t\t\t<div class='gallery-icon landscape'>\n\t\t\t\t<a data-elementor-open-lightbox=\"yes\" data-elementor-lightbox-slideshow=\"3c5e233\" data-elementor-lightbox-title=\"Vista BH Meliquina Atardecer\" data-e-action-hash=\"#elementor-action%3Aaction%3Dlightbox%26settings%3DeyJpZCI6MTUyOSwidXJsIjoiaHR0cHM6XC9cL2JobWVsaXF1aW5hLmNvbVwvd3AtY29udGVudFwvdXBsb2Fkc1wvMjAyMFwvMTFcLzE0LVZpc3RhLUJILU1lbGlxdWluYS1BdGFyZGVjZXItLXNjYWxlZC5qcGVnIiwic2xpZGVzaG93IjoiM2M1ZTIzMyJ9\" href='https:\/\/bhmeliquina.com\/wp-content\/uploads\/2020\/11\/14-Vista-BH-Meliquina-Atardecer--scaled.jpeg'><img loading=\"lazy\" decoding=\"async\" width=\"1170\" height=\"470\" src=\"https:\/\/bhmeliquina.com\/wp-content\/uploads\/2020\/11\/14-Vista-BH-Meliquina-Atardecer--1170x470.jpeg\" class=\"attachment-hotera_1170x470 size-hotera_1170x470\" alt=\"\" \/><\/a>\n\t\t\t<\/div><\/figure><figure class='gallery-item'>\n\t\t\t<div class='gallery-icon landscape'>\n\t\t\t\t<a data-elementor-open-lightbox=\"yes\" data-elementor-lightbox-slideshow=\"3c5e233\" data-elementor-lightbox-title=\"Noche en BH Meliquina\" data-e-action-hash=\"#elementor-action%3Aaction%3Dlightbox%26settings%3DeyJpZCI6MTU0NiwidXJsIjoiaHR0cHM6XC9cL2JobWVsaXF1aW5hLmNvbVwvd3AtY29udGVudFwvdXBsb2Fkc1wvMjAyMFwvMTFcLzE1LU5vY2hlLWVuLUJILU1lbGlxdWluYS0tc2NhbGVkLmpwZyIsInNsaWRlc2hvdyI6IjNjNWUyMzMifQ%3D%3D\" href='https:\/\/bhmeliquina.com\/wp-content\/uploads\/2020\/11\/15-Noche-en-BH-Meliquina--scaled.jpg'><img loading=\"lazy\" decoding=\"async\" width=\"1170\" height=\"470\" src=\"https:\/\/bhmeliquina.com\/wp-content\/uploads\/2020\/11\/15-Noche-en-BH-Meliquina--1170x470.jpg\" class=\"attachment-hotera_1170x470 size-hotera_1170x470\" alt=\"\" \/><\/a>\n\t\t\t<\/div><\/figure><figure class='gallery-item'>\n\t\t\t<div class='gallery-icon landscape'>\n\t\t\t\t<a data-elementor-open-lightbox=\"yes\" data-elementor-lightbox-slideshow=\"3c5e233\" data-elementor-lightbox-title=\"Vista BH Meliquina\" data-e-action-hash=\"#elementor-action%3Aaction%3Dlightbox%26settings%3DeyJpZCI6MTUzMiwidXJsIjoiaHR0cHM6XC9cL2JobWVsaXF1aW5hLmNvbVwvd3AtY29udGVudFwvdXBsb2Fkc1wvMjAyMFwvMTFcLzE2LVZpc3RhLUJILU1lbGlxdWluYS0tc2NhbGVkLmpwZyIsInNsaWRlc2hvdyI6IjNjNWUyMzMifQ%3D%3D\" href='https:\/\/bhmeliquina.com\/wp-content\/uploads\/2020\/11\/16-Vista-BH-Meliquina--scaled.jpg'><img loading=\"lazy\" decoding=\"async\" width=\"1170\" height=\"470\" src=\"https:\/\/bhmeliquina.com\/wp-content\/uploads\/2020\/11\/16-Vista-BH-Meliquina--1170x470.jpg\" class=\"attachment-hotera_1170x470 size-hotera_1170x470\" alt=\"\" \/><\/a>\n\t\t\t<\/div><\/figure><figure class='gallery-item'>\n\t\t\t<div class='gallery-icon landscape'>\n\t\t\t\t<a data-elementor-open-lightbox=\"yes\" data-elementor-lightbox-slideshow=\"3c5e233\" data-elementor-lightbox-title=\"Camino Villa Lago Meliquina\" data-e-action-hash=\"#elementor-action%3Aaction%3Dlightbox%26settings%3DeyJpZCI6MTU0OSwidXJsIjoiaHR0cHM6XC9cL2JobWVsaXF1aW5hLmNvbVwvd3AtY29udGVudFwvdXBsb2Fkc1wvMjAyMFwvMTFcLzE3LUNhbWluby1WaWxsYS1MYWdvLU1lbGlxdWluYS0xLXNjYWxlZC5qcGciLCJzbGlkZXNob3ciOiIzYzVlMjMzIn0%3D\" href='https:\/\/bhmeliquina.com\/wp-content\/uploads\/2020\/11\/17-Camino-Villa-Lago-Meliquina-1-scaled.jpg'><img loading=\"lazy\" decoding=\"async\" width=\"1170\" height=\"470\" src=\"https:\/\/bhmeliquina.com\/wp-content\/uploads\/2020\/11\/17-Camino-Villa-Lago-Meliquina-1-1170x470.jpg\" class=\"attachment-hotera_1170x470 size-hotera_1170x470\" alt=\"\" \/><\/a>\n\t\t\t<\/div><\/figure><figure class='gallery-item'>\n\t\t\t<div class='gallery-icon landscape'>\n\t\t\t\t<a data-elementor-open-lightbox=\"yes\" data-elementor-lightbox-slideshow=\"3c5e233\" data-elementor-lightbox-title=\"R\u00e1pidos del Caleuf\u00fa\" data-e-action-hash=\"#elementor-action%3Aaction%3Dlightbox%26settings%3DeyJpZCI6MTU0OCwidXJsIjoiaHR0cHM6XC9cL2JobWVsaXF1aW5hLmNvbVwvd3AtY29udGVudFwvdXBsb2Fkc1wvMjAyMFwvMTFcLzE4LVJhcGlkb3MtZGVsLUNhbGV1ZnUtLXNjYWxlZC5qcGciLCJzbGlkZXNob3ciOiIzYzVlMjMzIn0%3D\" href='https:\/\/bhmeliquina.com\/wp-content\/uploads\/2020\/11\/18-Rapidos-del-Caleufu--scaled.jpg'><img loading=\"lazy\" decoding=\"async\" width=\"1170\" height=\"470\" src=\"https:\/\/bhmeliquina.com\/wp-content\/uploads\/2020\/11\/18-Rapidos-del-Caleufu--1170x470.jpg\" class=\"attachment-hotera_1170x470 size-hotera_1170x470\" alt=\"\" \/><\/a>\n\t\t\t<\/div><\/figure><figure class='gallery-item'>\n\t\t\t<div class='gallery-icon landscape'>\n\t\t\t\t<a data-elementor-open-lightbox=\"yes\" data-elementor-lightbox-slideshow=\"3c5e233\" data-elementor-lightbox-title=\"Bosque Villa Lago Meliquina\" data-e-action-hash=\"#elementor-action%3Aaction%3Dlightbox%26settings%3DeyJpZCI6MTU0NywidXJsIjoiaHR0cHM6XC9cL2JobWVsaXF1aW5hLmNvbVwvd3AtY29udGVudFwvdXBsb2Fkc1wvMjAyMFwvMTFcLzE5LUJvc3F1ZS1WaWxsYS1MYWdvLU1lbGlxdWluYS1zY2FsZWQuanBnIiwic2xpZGVzaG93IjoiM2M1ZTIzMyJ9\" href='https:\/\/bhmeliquina.com\/wp-content\/uploads\/2020\/11\/19-Bosque-Villa-Lago-Meliquina-scaled.jpg'><img loading=\"lazy\" decoding=\"async\" width=\"1170\" height=\"470\" src=\"https:\/\/bhmeliquina.com\/wp-content\/uploads\/2020\/11\/19-Bosque-Villa-Lago-Meliquina-1170x470.jpg\" class=\"attachment-hotera_1170x470 size-hotera_1170x470\" alt=\"\" aria-describedby=\"gallery-1-1547\" \/><\/a>\n\t\t\t<\/div>\n\t\t\t\t<figcaption class='wp-caption-text gallery-caption' id='gallery-1-1547'>\n\t\t\t\tBosque en Los Charitos\n\t\t\t\t<\/figcaption><\/figure><figure class='gallery-item'>\n\t\t\t<div class='gallery-icon landscape'>\n\t\t\t\t<a data-elementor-open-lightbox=\"yes\" data-elementor-lightbox-slideshow=\"3c5e233\" data-elementor-lightbox-title=\"Camino Villa Lago Meliquina\" data-e-action-hash=\"#elementor-action%3Aaction%3Dlightbox%26settings%3DeyJpZCI6MTU0MSwidXJsIjoiaHR0cHM6XC9cL2JobWVsaXF1aW5hLmNvbVwvd3AtY29udGVudFwvdXBsb2Fkc1wvMjAyMFwvMTFcLzIwLUNhbWluby1WaWxsYS1MYWdvLU1lbGlxdWluYS0tc2NhbGVkLmpwZyIsInNsaWRlc2hvdyI6IjNjNWUyMzMifQ%3D%3D\" href='https:\/\/bhmeliquina.com\/wp-content\/uploads\/2020\/11\/20-Camino-Villa-Lago-Meliquina--scaled.jpg'><img loading=\"lazy\" decoding=\"async\" width=\"1170\" height=\"470\" src=\"https:\/\/bhmeliquina.com\/wp-content\/uploads\/2020\/11\/20-Camino-Villa-Lago-Meliquina--1170x470.jpg\" class=\"attachment-hotera_1170x470 size-hotera_1170x470\" alt=\"\" \/><\/a>\n\t\t\t<\/div><\/figure><figure class='gallery-item'>\n\t\t\t<div class='gallery-icon landscape'>\n\t\t\t\t<a data-elementor-open-lightbox=\"yes\" data-elementor-lightbox-slideshow=\"3c5e233\" data-elementor-lightbox-title=\"Bosque Villa Lago Meliquina\" data-e-action-hash=\"#elementor-action%3Aaction%3Dlightbox%26settings%3DeyJpZCI6MTU0MiwidXJsIjoiaHR0cHM6XC9cL2JobWVsaXF1aW5hLmNvbVwvd3AtY29udGVudFwvdXBsb2Fkc1wvMjAyMFwvMTFcLzIxLUJvc3F1ZS1WaWxsYS1MYWdvLU1lbGlxdWluYS0yLXNjYWxlZC5qcGciLCJzbGlkZXNob3ciOiIzYzVlMjMzIn0%3D\" href='https:\/\/bhmeliquina.com\/wp-content\/uploads\/2020\/11\/21-Bosque-Villa-Lago-Meliquina-2-scaled.jpg'><img loading=\"lazy\" decoding=\"async\" width=\"1170\" height=\"470\" src=\"https:\/\/bhmeliquina.com\/wp-content\/uploads\/2020\/11\/21-Bosque-Villa-Lago-Meliquina-2-1170x470.jpg\" class=\"attachment-hotera_1170x470 size-hotera_1170x470\" alt=\"\" \/><\/a>\n\t\t\t<\/div><\/figure><figure class='gallery-item'>\n\t\t\t<div class='gallery-icon landscape'>\n\t\t\t\t<a data-elementor-open-lightbox=\"yes\" data-elementor-lightbox-slideshow=\"3c5e233\" data-elementor-lightbox-title=\"Caj\u00f3n del Caleuf\u00fa\" data-e-action-hash=\"#elementor-action%3Aaction%3Dlightbox%26settings%3DeyJpZCI6MTU0MywidXJsIjoiaHR0cHM6XC9cL2JobWVsaXF1aW5hLmNvbVwvd3AtY29udGVudFwvdXBsb2Fkc1wvMjAyMFwvMTFcLzIyLUNham9uLWRlbC1DYWxldWZ1LXNjYWxlZC5qcGciLCJzbGlkZXNob3ciOiIzYzVlMjMzIn0%3D\" href='https:\/\/bhmeliquina.com\/wp-content\/uploads\/2020\/11\/22-Cajon-del-Caleufu-scaled.jpg'><img loading=\"lazy\" decoding=\"async\" width=\"1170\" height=\"470\" src=\"https:\/\/bhmeliquina.com\/wp-content\/uploads\/2020\/11\/22-Cajon-del-Caleufu-1170x470.jpg\" class=\"attachment-hotera_1170x470 size-hotera_1170x470\" alt=\"\" \/><\/a>\n\t\t\t<\/div><\/figure><figure class='gallery-item'>\n\t\t\t<div class='gallery-icon landscape'>\n\t\t\t\t<a data-elementor-open-lightbox=\"yes\" data-elementor-lightbox-slideshow=\"3c5e233\" data-elementor-lightbox-title=\"Lago Hermoso\" data-e-action-hash=\"#elementor-action%3Aaction%3Dlightbox%26settings%3DeyJpZCI6MTU0NCwidXJsIjoiaHR0cHM6XC9cL2JobWVsaXF1aW5hLmNvbVwvd3AtY29udGVudFwvdXBsb2Fkc1wvMjAyMFwvMTFcLzIzLUxhZ28tSGVybW9zby1zY2FsZWQuanBnIiwic2xpZGVzaG93IjoiM2M1ZTIzMyJ9\" href='https:\/\/bhmeliquina.com\/wp-content\/uploads\/2020\/11\/23-Lago-Hermoso-scaled.jpg'><img loading=\"lazy\" decoding=\"async\" width=\"1170\" height=\"470\" src=\"https:\/\/bhmeliquina.com\/wp-content\/uploads\/2020\/11\/23-Lago-Hermoso-1170x470.jpg\" class=\"attachment-hotera_1170x470 size-hotera_1170x470\" alt=\"\" \/><\/a>\n\t\t\t<\/div><\/figure><figure class='gallery-item'>\n\t\t\t<div class='gallery-icon landscape'>\n\t\t\t\t<a data-elementor-open-lightbox=\"yes\" data-elementor-lightbox-slideshow=\"3c5e233\" data-elementor-lightbox-title=\"Lago Filo Hua Hum\" data-e-action-hash=\"#elementor-action%3Aaction%3Dlightbox%26settings%3DeyJpZCI6MTU1MiwidXJsIjoiaHR0cHM6XC9cL2JobWVsaXF1aW5hLmNvbVwvd3AtY29udGVudFwvdXBsb2Fkc1wvMjAyMFwvMTFcLzI0LUxhZ28tRmlsby1IdWEtSHVtLS1zY2FsZWQuanBnIiwic2xpZGVzaG93IjoiM2M1ZTIzMyJ9\" href='https:\/\/bhmeliquina.com\/wp-content\/uploads\/2020\/11\/24-Lago-Filo-Hua-Hum--scaled.jpg'><img loading=\"lazy\" decoding=\"async\" width=\"1170\" height=\"470\" src=\"https:\/\/bhmeliquina.com\/wp-content\/uploads\/2020\/11\/24-Lago-Filo-Hua-Hum--1170x470.jpg\" class=\"attachment-hotera_1170x470 size-hotera_1170x470\" alt=\"\" aria-describedby=\"gallery-1-1552\" \/><\/a>\n\t\t\t<\/div>\n\t\t\t\t<figcaption class='wp-caption-text gallery-caption' id='gallery-1-1552'>\n\t\t\t\tLago Filo Hua Hum\n\t\t\t\t<\/figcaption><\/figure>\n\t\t<\/div>\n\t\t<\/div>\n\t\t\t\t\t\t<\/div>\n\t\t\t\t<\/div>\n\t\t\t\t<div class=\"elementor-element elementor-element-7cb5ecf elementor-widget elementor-widget-spacer\" data-id=\"7cb5ecf\" data-element_type=\"widget\" data-widget_type=\"spacer.default\">\n\t\t\t\t<div class=\"elementor-widget-container\">\n\t\t\t\t\t\t\t<div class=\"elementor-spacer\">\n\t\t\t<div class=\"elementor-spacer-inner\"><\/div>\n\t\t<\/div>\n\t\t\t\t\t\t<\/div>\n\t\t\t\t<\/div>\n\t\t\t\t\t<\/div>\n\t\t<\/div>\n\t\t\t\t\t<\/div>\n\t\t<\/section>\n\t\t\t\t<\/div>","protected":false},"excerpt":{"rendered":"<p>Vista a\u00e9rea R\u00edo Meliquina y Lago Meliquina Vista al R\u00edo desde BH-Meliquina, Colgantes al R\u00edo Bosque en Los Charitos Lago Filo Hua Hum<\/p>","protected":false},"author":1,"featured_media":947,"parent":0,"menu_order":0,"comment_status":"closed","ping_status":"closed","template":"tpl-default-elementor.php","meta":{"footnotes":""},"class_list":["post-298","page","type-page","status-publish","has-post-thumbnail","hentry"],"_links":{"self":[{"href":"https:\/\/bhmeliquina.com\/en\/wp-json\/wp\/v2\/pages\/298","targetHints":{"allow":["GET"]}}],"collection":[{"href":"https:\/\/bhmeliquina.com\/en\/wp-json\/wp\/v2\/pages"}],"about":[{"href":"https:\/\/bhmeliquina.com\/en\/wp-json\/wp\/v2\/types\/page"}],"author":[{"embeddable":true,"href":"https:\/\/bhmeliquina.com\/en\/wp-json\/wp\/v2\/users\/1"}],"replies":[{"embeddable":true,"href":"https:\/\/bhmeliquina.com\/en\/wp-json\/wp\/v2\/comments?post=298"}],"version-history":[{"count":91,"href":"https:\/\/bhmeliquina.com\/en\/wp-json\/wp\/v2\/pages\/298\/revisions"}],"predecessor-version":[{"id":2271,"href":"https:\/\/bhmeliquina.com\/en\/wp-json\/wp\/v2\/pages\/298\/revisions\/2271"}],"wp:featuredmedia":[{"embeddable":true,"href":"https:\/\/bhmeliquina.com\/en\/wp-json\/wp\/v2\/media\/947"}],"wp:attachment":[{"href":"https:\/\/bhmeliquina.com\/en\/wp-json\/wp\/v2\/media?parent=298"}],"curies":[{"name":"wp","href":"https:\/\/api.w.org\/{rel}","templated":true}]}}