{"id":318,"date":"2020-10-10T07:36:58","date_gmt":"2020-10-10T10:36:58","guid":{"rendered":"http:\/\/el.commonsupport.com\/newwp\/hotera\/?page_id=318"},"modified":"2024-09-09T20:15:23","modified_gmt":"2024-09-09T23:15:23","slug":"contacto","status":"publish","type":"page","link":"https:\/\/bhmeliquina.com\/en\/contacto\/","title":{"rendered":"Contacto"},"content":{"rendered":"<div data-elementor-type=\"wp-page\" data-elementor-id=\"318\" class=\"elementor elementor-318\">\n\t\t\t\t\t\t<section class=\"elementor-section elementor-top-section elementor-element elementor-element-a7d1a16 elementor-section-boxed elementor-section-height-default elementor-section-height-default\" data-id=\"a7d1a16\" data-element_type=\"section\">\n\t\t\t\t\t\t<div class=\"elementor-container elementor-column-gap-default\">\n\t\t\t\t\t<div class=\"elementor-column elementor-col-100 elementor-top-column elementor-element elementor-element-b85e292\" data-id=\"b85e292\" data-element_type=\"column\">\n\t\t\t<div class=\"elementor-widget-wrap elementor-element-populated\">\n\t\t\t\t\t\t<div class=\"elementor-element elementor-element-73aa86d elementor-widget elementor-widget-hotera_contact_us\" data-id=\"73aa86d\" data-element_type=\"widget\" data-widget_type=\"hotera_contact_us.default\">\n\t\t\t\t<div class=\"elementor-widget-container\">\n\t\t\t\t\t        \n        <!--Contact Section-->\n        <section class=\"contact-section-two\">\n            <div class=\"auto-container clearfix\">\n                <div class=\"row clearfix\">\n    \n                    <div class=\"info-col col-lg-6 col-md-12 col-sm-12\">\n                        <div class=\"inner\">\n                            <div class=\"u-text\"><\/div>\n    \n                            <div class=\"info\">\n                                                                <div class=\"info-block\">\n                                    <div class=\"block-inner\">\n                                        <div class=\"icon-box wow zoomInStable\" data-wow-delay=\"0ms\" data-wow-duration=\"2000ms\"><span class=\"icon flaticon-placeholder-1\"><\/span><\/div>\n                                        <h4>Direcci\u00f3n<\/h4>\n                                        <div class=\"text\">VILLA LAGO MELIQUINA - NEUQU\u00c9N - ARGENTINA<\/div>\n                                    <\/div>\n                                <\/div>\n                                                                <div class=\"info-block\">\n                                    <div class=\"block-inner\">\n                                        <div class=\"icon-box wow zoomInStable\" data-wow-delay=\"0ms\" data-wow-duration=\"2000ms\"><span class=\"icon flaticon-technology-2\"><\/span><\/div>\n                                        <h4>Tel\u00e9fono<\/h4>\n                                        <div class=\"text\"><a href=\"tel:(+54)91130184963\">(+54) 9 11 3018 4963<\/a><\/div>\n                                    <\/div>\n                                <\/div>\n                                                                <div class=\"info-block\">\n                                    <div class=\"block-inner\">\n                                        <div class=\"icon-box wow zoomInStable\" data-wow-delay=\"0ms\" data-wow-duration=\"2000ms\"><span class=\"icon flaticon-email-1\"><\/span><\/div>\n                                        <h4>Email<\/h4>\n                                        <div class=\"text\"><a href=\"mailto:info@bhmeliquina.com\">info@bhmeliquina.com<\/a> <br>\n<a href=\"mailto:reservas@bhmeliquina.com\">reservas@bhmeliquina.com<\/a><br>\n<a href=\"mailto:atencion@alcliente.com.ar\">atencion@alcliente.com.ar<\/a><\/div>\n                                    <\/div>\n                                <\/div>\n                                                            <\/div>\n                        <\/div>\n                    <\/div>\n                    <div class=\"form-col col-lg-6 col-md-12 col-sm-12\">\n                        <div class=\"inner\">\n                            <div class=\"form-box default-form contact-form-two wow fadeInRight\" data-wow-delay=\"0ms\" data-wow-duration=\"1500ms\">\n                                <h3> Alguna consulta?<\/h3>\n                                <div class=\"text\">Complete este formulario<\/div>\n                                \n<div class=\"wpcf7 no-js\" id=\"wpcf7-f347-o1\" lang=\"en-US\" dir=\"ltr\" data-wpcf7-id=\"347\">\n<div class=\"screen-reader-response\"><p role=\"status\" aria-live=\"polite\" aria-atomic=\"true\"><\/p> <ul><\/ul><\/div>\n<form action=\"\/en\/wp-json\/wp\/v2\/pages\/318#wpcf7-f347-o1\" method=\"post\" class=\"wpcf7-form init\" aria-label=\"Contact form\" novalidate=\"novalidate\" data-status=\"init\" data-trp-original-action=\"\/en\/wp-json\/wp\/v2\/pages\/318#wpcf7-f347-o1\">\n<fieldset class=\"hidden-fields-container\"><input type=\"hidden\" name=\"_wpcf7\" value=\"347\" \/><input type=\"hidden\" name=\"_wpcf7_version\" value=\"6.1.3\" \/><input type=\"hidden\" name=\"_wpcf7_locale\" value=\"en_US\" \/><input type=\"hidden\" name=\"_wpcf7_unit_tag\" value=\"wpcf7-f347-o1\" \/><input type=\"hidden\" name=\"_wpcf7_container_post\" value=\"0\" \/><input type=\"hidden\" name=\"_wpcf7_posted_data_hash\" value=\"\" \/>\n<\/fieldset>\n<div class=\"form-group\" >\n\t<div class=\"field-inner\">\n\t\t<p><span class=\"wpcf7-form-control-wrap\" data-name=\"text-445\"><input size=\"40\" maxlength=\"400\" class=\"wpcf7-form-control wpcf7-text wpcf7-validates-as-required\" aria-required=\"true\" aria-invalid=\"false\" placeholder=\"Nombre\" value=\"\" type=\"text\" name=\"text-445\" \/><\/span>\n\t\t<\/p>\n\t<\/div>\n<\/div>\n<div class=\"form-group\">\n\t<div class=\"field-inner\">\n\t\t<p><span class=\"wpcf7-form-control-wrap\" data-name=\"text-446\"><input size=\"40\" maxlength=\"400\" class=\"wpcf7-form-control wpcf7-text wpcf7-validates-as-required\" aria-required=\"true\" aria-invalid=\"false\" placeholder=\"Apellido\" value=\"\" type=\"text\" name=\"text-446\" \/><\/span>\n\t\t<\/p>\n\t<\/div>\n<\/div>\n<div class=\"form-group\">\n\t<div class=\"field-inner\">\n\t\t<p><span class=\"wpcf7-form-control-wrap\" data-name=\"email-507\"><input size=\"40\" maxlength=\"400\" class=\"wpcf7-form-control wpcf7-email wpcf7-validates-as-required wpcf7-text wpcf7-validates-as-email\" aria-required=\"true\" aria-invalid=\"false\" placeholder=\"Email\" value=\"\" type=\"email\" name=\"email-507\" \/><\/span>\n\t\t<\/p>\n\t<\/div>\n<\/div>\n<div class=\"form-group\">\n\t<div class=\"field-inner\">\n\t\t<p><span class=\"wpcf7-form-control-wrap\" data-name=\"text-447\"><input size=\"40\" maxlength=\"400\" class=\"wpcf7-form-control wpcf7-text wpcf7-validates-as-required\" aria-required=\"true\" aria-invalid=\"false\" placeholder=\"Tel\u00e9fono\" value=\"\" type=\"text\" name=\"text-447\" \/><\/span>\n\t\t<\/p>\n\t<\/div>\n<\/div>\n<div class=\"form-group\">\n\t<div class=\"field-inner\">\n\t\t<p><span class=\"wpcf7-form-control-wrap\" data-name=\"textarea-261\"><textarea cols=\"40\" rows=\"10\" maxlength=\"2000\" class=\"wpcf7-form-control wpcf7-textarea\" aria-invalid=\"false\" placeholder=\"Mensaje\" name=\"textarea-261\"><\/textarea><\/span>\n\t\t<\/p>\n\t<\/div>\n<\/div>\n<div class=\"form-group\">\n\t<p><button class=\"theme-btn btn-style-one\"><span class=\"btn-title\">Enviar<\/span><\/button>\n\t<\/p>\n<\/div><div class=\"wpcf7-response-output\" aria-hidden=\"true\"><\/div>\n<input type=\"hidden\" name=\"trp-form-language\" value=\"en\"\/><\/form>\n<\/div>\n                            <\/div>\n                        <\/div>\n                    <\/div>\n    \n                <\/div>\n            <\/div>\n        <\/section>\n        \n\t\t\t\t\t\t<\/div>\n\t\t\t\t<\/div>\n\t\t\t\t\t<\/div>\n\t\t<\/div>\n\t\t\t\t\t<\/div>\n\t\t<\/section>\n\t\t\t\t<section class=\"elementor-section elementor-top-section elementor-element elementor-element-8f68a51 elementor-section-full_width elementor-section-height-default elementor-section-height-default\" data-id=\"8f68a51\" data-element_type=\"section\">\n\t\t\t\t\t\t<div class=\"elementor-container elementor-column-gap-default\">\n\t\t\t\t\t<div class=\"elementor-column elementor-col-100 elementor-top-column elementor-element elementor-element-19d0eb5\" data-id=\"19d0eb5\" data-element_type=\"column\">\n\t\t\t<div class=\"elementor-widget-wrap\">\n\t\t\t\t\t\t\t<\/div>\n\t\t<\/div>\n\t\t\t\t\t<\/div>\n\t\t<\/section>\n\t\t\t\t<section class=\"elementor-section elementor-top-section elementor-element elementor-element-b51b706 elementor-section-boxed elementor-section-height-default elementor-section-height-default\" data-id=\"b51b706\" data-element_type=\"section\">\n\t\t\t\t\t\t<div class=\"elementor-container elementor-column-gap-default\">\n\t\t\t\t\t<div class=\"elementor-column elementor-col-100 elementor-top-column elementor-element elementor-element-056924b\" data-id=\"056924b\" data-element_type=\"column\">\n\t\t\t<div class=\"elementor-widget-wrap elementor-element-populated\">\n\t\t\t\t\t\t<div class=\"elementor-element elementor-element-515c1e1 elementor-widget elementor-widget-google_maps\" data-id=\"515c1e1\" data-element_type=\"widget\" data-widget_type=\"google_maps.default\">\n\t\t\t\t<div class=\"elementor-widget-container\">\n\t\t\t\t\t\t\t<div class=\"elementor-custom-embed\">\n\t\t\t<iframe loading=\"lazy\"\n\t\t\t\t\tsrc=\"https:\/\/maps.google.com\/maps?q=40%C2%B023%2734.9%22S%2071%C2%B015%2701.7%22W&#038;t=m&#038;z=14&#038;output=embed&#038;iwloc=near\"\n\t\t\t\t\ttitle=\"40\u00b023&#039;34.9&quot;S 71\u00b015&#039;01.7&quot;W\"\n\t\t\t\t\taria-label=\"40\u00b023&#039;34.9&quot;S 71\u00b015&#039;01.7&quot;W\"\n\t\t\t><\/iframe>\n\t\t<\/div>\n\t\t\t\t\t\t<\/div>\n\t\t\t\t<\/div>\n\t\t\t\t\t<\/div>\n\t\t<\/div>\n\t\t\t\t\t<\/div>\n\t\t<\/section>\n\t\t\t\t<\/div>","protected":false},"excerpt":{"rendered":"<p>Direcci\u00f3n VILLA LAGO MELIQUINA &#8211; NEUQU\u00c9N &#8211; ARGENTINA Tel\u00e9fono (+54) 9 11 3018 4963 Email info@bhmeliquina.com reservas@bhmeliquina.com atencion@alcliente.com.ar Alguna consulta? Complete este formulario Enviar<\/p>","protected":false},"author":1,"featured_media":0,"parent":0,"menu_order":0,"comment_status":"closed","ping_status":"closed","template":"tpl-default-elementor.php","meta":{"footnotes":""},"class_list":["post-318","page","type-page","status-publish","hentry"],"_links":{"self":[{"href":"https:\/\/bhmeliquina.com\/en\/wp-json\/wp\/v2\/pages\/318","targetHints":{"allow":["GET"]}}],"collection":[{"href":"https:\/\/bhmeliquina.com\/en\/wp-json\/wp\/v2\/pages"}],"about":[{"href":"https:\/\/bhmeliquina.com\/en\/wp-json\/wp\/v2\/types\/page"}],"author":[{"embeddable":true,"href":"https:\/\/bhmeliquina.com\/en\/wp-json\/wp\/v2\/users\/1"}],"replies":[{"embeddable":true,"href":"https:\/\/bhmeliquina.com\/en\/wp-json\/wp\/v2\/comments?post=318"}],"version-history":[{"count":38,"href":"https:\/\/bhmeliquina.com\/en\/wp-json\/wp\/v2\/pages\/318\/revisions"}],"predecessor-version":[{"id":1696,"href":"https:\/\/bhmeliquina.com\/en\/wp-json\/wp\/v2\/pages\/318\/revisions\/1696"}],"wp:attachment":[{"href":"https:\/\/bhmeliquina.com\/en\/wp-json\/wp\/v2\/media?parent=318"}],"curies":[{"name":"wp","href":"https:\/\/api.w.org\/{rel}","templated":true}]}}