{"id":397,"date":"2020-10-13T09:42:23","date_gmt":"2020-10-13T09:42:23","guid":{"rendered":"http:\/\/el.commonsupport.com\/newwp\/hotera\/?page_id=397"},"modified":"2025-09-15T13:13:26","modified_gmt":"2025-09-15T16:13:26","slug":"all-packages","status":"publish","type":"page","link":"https:\/\/bhmeliquina.com\/en\/all-packages\/","title":{"rendered":"Promociones"},"content":{"rendered":"<div data-elementor-type=\"wp-page\" data-elementor-id=\"397\" class=\"elementor elementor-397\">\n\t\t\t\t\t\t<section class=\"elementor-section elementor-top-section elementor-element elementor-element-1a19ff0 elementor-section-full_width elementor-section-height-default elementor-section-height-default\" data-id=\"1a19ff0\" data-element_type=\"section\">\n\t\t\t\t\t\t<div class=\"elementor-container elementor-column-gap-default\">\n\t\t\t\t\t<div class=\"elementor-column elementor-col-100 elementor-top-column elementor-element elementor-element-5cd14f5\" data-id=\"5cd14f5\" data-element_type=\"column\">\n\t\t\t<div class=\"elementor-widget-wrap elementor-element-populated\">\n\t\t\t\t\t\t<div class=\"elementor-element elementor-element-d4e8732 elementor-widget elementor-widget-hotera_all_packages\" data-id=\"d4e8732\" data-element_type=\"widget\" data-widget_type=\"hotera_all_packages.default\">\n\t\t\t\t<div class=\"elementor-widget-container\">\n\t\t\t\t\t        \n        <!--Offers Section-->\n        <section class=\"packages-section\">\n            <div class=\"auto-container\">\n                <div class=\"title-box\">\n                    <h2><\/h2>\n                    <br>\n                <\/div>\n                <!--Mixit Galery-->\n                <div class=\"mixit-gallery\">\n                    \n    \t\t\t\t <div class=\"row clearfix\">\n                                                <!--Item-->\n                        <div class=\"offer-block-two col-lg-4 col-md-6 col-sm-12\">\n                            <div class=\"inner-box wow fadeInUp\" data-wow-delay=\"0ms\" data-wow-duration=\"1500ms\">\n                                                                <div class=\"image-box\">\n                                    <figure class=\"image\"><a href=\"https:\/\/api.whatsapp.com\/send\/?phone=5491130184963&#038;text&#038;type=phone_number&#038;app_absent=0\"><img decoding=\"async\" src=\"https:\/\/bhmeliquina.com\/wp-content\/uploads\/2020\/11\/8-Orilla-del-Rio-Meliquina-.jpg\" alt=\"Awesome Image\"><\/a><\/figure>\n                                <\/div>\n                                                                <div class=\"lower-box\">\n                                    <div class=\"pricing\">\n                                        <div class=\"price\">Por NOCHE  <span>$90.000.-<\/span><\/div>\n                                    <\/div>\n                                    <h4>Mejor tarifa garantizada!<\/h4>\n                                    <div class=\"text\">Precio regular en temporada baja!\nNo incluye los fines de semana largos de Octubre, Noviembre y Diciembre!<\/div>\n                                    <div class=\"link-box\"><a href=\"https:\/\/api.whatsapp.com\/send\/?phone=5491130184963&#038;text&#038;type=phone_number&#038;app_absent=0\" class=\"theme-btn btn-style-three\"><span class=\"btn-title\">Contactanos!<\/span><\/a><\/div>\n                                <\/div>\n                            <\/div>\n                        <\/div>\n    \t\t\t\t\t                        <!--Item-->\n                        <div class=\"offer-block-two col-lg-4 col-md-6 col-sm-12\">\n                            <div class=\"inner-box wow fadeInUp\" data-wow-delay=\"0ms\" data-wow-duration=\"1500ms\">\n                                                                <div class=\"image-box\">\n                                    <figure class=\"image\"><a href=\"https:\/\/api.whatsapp.com\/send\/?phone=5491130184963&#038;text&#038;type=phone_number&#038;app_absent=0\"><img decoding=\"async\" src=\"https:\/\/bhmeliquina.com\/wp-content\/uploads\/2023\/08\/IMG_20230304_164007.jpg\" alt=\"Awesome Image\"><\/a><\/figure>\n                                <\/div>\n                                                                <div class=\"lower-box\">\n                                    <div class=\"pricing\">\n                                        <div class=\"price\">Desde <span>$100.000.-<\/span><\/div>\n                                    <\/div>\n                                    <h4>FIN DE SEMANA LARGO!!!<\/h4>\n                                    <div class=\"text\">Aprovecha los \u00faltimos tres que quedan en Octubre, Noviembre o Diciembre...<\/div>\n                                    <div class=\"link-box\"><a href=\"https:\/\/api.whatsapp.com\/send\/?phone=5491130184963&#038;text&#038;type=phone_number&#038;app_absent=0\" class=\"theme-btn btn-style-three\"><span class=\"btn-title\">Contactanos!<\/span><\/a><\/div>\n                                <\/div>\n                            <\/div>\n                        <\/div>\n    \t\t\t\t\t                        <!--Item-->\n                        <div class=\"offer-block-two col-lg-4 col-md-6 col-sm-12\">\n                            <div class=\"inner-box wow fadeInUp\" data-wow-delay=\"0ms\" data-wow-duration=\"1500ms\">\n                                                                <div class=\"image-box\">\n                                    <figure class=\"image\"><a href=\"https:\/\/api.whatsapp.com\/send\/?phone=5491130184963&#038;text&#038;type=phone_number&#038;app_absent=0\"><img decoding=\"async\" src=\"https:\/\/bhmeliquina.com\/wp-content\/uploads\/2020\/11\/3-Vista-BH-Meliquina-Otono--scaled.jpeg\" alt=\"Awesome Image\"><\/a><\/figure>\n                                <\/div>\n                                                                <div class=\"lower-box\">\n                                    <div class=\"pricing\">\n                                        <div class=\"price\">Desde <span>$120.000.-<\/span><\/div>\n                                    <\/div>\n                                    <h4>Diciembre - Enero - Febrero<\/h4>\n                                    <div class=\"text\">Reservando estad\u00eda con 30 d\u00edas de anticipaci\u00f3n te hacemos un 10% de descuento sobre este precio...\nNo te lo pierdas!<\/div>\n                                    <div class=\"link-box\"><a href=\"https:\/\/api.whatsapp.com\/send\/?phone=5491130184963&#038;text&#038;type=phone_number&#038;app_absent=0\" class=\"theme-btn btn-style-three\"><span class=\"btn-title\">Contactanos!<\/span><\/a><\/div>\n                                <\/div>\n                            <\/div>\n                        <\/div>\n    \t\t\t\t\t                    <\/div>\n                <\/div>\n    \n            <\/div>\n        <\/section>\n        \n\t\t\t\t\t\t<\/div>\n\t\t\t\t<\/div>\n\t\t\t\t\t<\/div>\n\t\t<\/div>\n\t\t\t\t\t<\/div>\n\t\t<\/section>\n\t\t\t\t<\/div>","protected":false},"excerpt":{"rendered":"<p>Por NOCHE $90.000.- Mejor tarifa garantizada! Precio regular en temporada baja! No incluye los fines de semana largos de Octubre, Noviembre y Diciembre! Contactanos! Desde $100.000.- FIN DE SEMANA LARGO!!! [&hellip;]<\/p>","protected":false},"author":1,"featured_media":0,"parent":0,"menu_order":0,"comment_status":"closed","ping_status":"closed","template":"tpl-default-elementor.php","meta":{"footnotes":""},"class_list":["post-397","page","type-page","status-publish","hentry"],"_links":{"self":[{"href":"https:\/\/bhmeliquina.com\/en\/wp-json\/wp\/v2\/pages\/397","targetHints":{"allow":["GET"]}}],"collection":[{"href":"https:\/\/bhmeliquina.com\/en\/wp-json\/wp\/v2\/pages"}],"about":[{"href":"https:\/\/bhmeliquina.com\/en\/wp-json\/wp\/v2\/types\/page"}],"author":[{"embeddable":true,"href":"https:\/\/bhmeliquina.com\/en\/wp-json\/wp\/v2\/users\/1"}],"replies":[{"embeddable":true,"href":"https:\/\/bhmeliquina.com\/en\/wp-json\/wp\/v2\/comments?post=397"}],"version-history":[{"count":40,"href":"https:\/\/bhmeliquina.com\/en\/wp-json\/wp\/v2\/pages\/397\/revisions"}],"predecessor-version":[{"id":2393,"href":"https:\/\/bhmeliquina.com\/en\/wp-json\/wp\/v2\/pages\/397\/revisions\/2393"}],"wp:attachment":[{"href":"https:\/\/bhmeliquina.com\/en\/wp-json\/wp\/v2\/media?parent=397"}],"curies":[{"name":"wp","href":"https:\/\/api.w.org\/{rel}","templated":true}]}}